{"id":229,"date":"2015-07-27T03:29:01","date_gmt":"2015-07-27T03:29:01","guid":{"rendered":"http:\/\/demo.oceanthemes.net\/archilight\/?page_id=229"},"modified":"2021-11-06T23:01:52","modified_gmt":"2021-11-06T23:01:52","slug":"onas","status":"publish","type":"page","link":"https:\/\/www.lampyhotelowe.pl\/index.php\/onas\/","title":{"rendered":"O nas"},"content":{"rendered":"<p>[vc_row fullwidth=&#8221;yes&#8221; img_halfrow=&#8221;yes&#8221; halfrow_image=&#8221;203&#8243; img_columns=&#8221;5columns&#8221; img_position=&#8221;imgleft&#8221; css=&#8221;.vc_custom_1496044058775{background-position: 0 0 !important;background-repeat: no-repeat !important;}&#8221;][vc_column animate=&#8221;fadinright&#8221; delay=&#8221;1&#8243; offset=&#8221;vc_col-lg-offset-6 vc_col-lg-5 vc_col-md-offset-6 vc_col-md-5&#8243;][vc_column_text]Firma <strong>Modern Lighting<\/strong> powsta\u0142a jako rodzinna firma wytwarzaj\u0105ca o\u015bwietlenie mieszkaniowe. Z up\u0142ywem lat poszerzy\u0142a sw\u00f3j asortyment o produkcj\u0119 aba\u017cur\u00f3w. Dzi\u0119ki czemu sta\u0142a si\u0119 niezale\u017cna od innych i dzi\u0119ki temu mo\u017cemy sprosta\u0107 oczekiwaniom inwestor\u00f3w. W 2014 roku firma zmieni\u0142a zakres produkcji staj\u0105c si\u0119 producentem o\u015bwietlenia na zam\u00f3wienie. Od tego czasu krok po kroku sukcesywnie d\u0105\u017cyli\u015bmy do tego by m\u00f3c wyposa\u017ca\u0107 hotele 5*. Zaczynali\u015bmy od ma\u0142ych pensjonat\u00f3w cz\u0119sto kilku pokojowych. Dzi\u015b \u015bmia\u0142o wyposa\u017cymy te najwi\u0119ksze obiekty maj\u0105cych ponad 500 pokoi. W chwili obecnej firma Modern Lighting sta\u0142a si\u0119 jednym z lider\u00f3w o\u015bwietlenia dla bran\u017cy hotelarskiej. Jeste\u015bmy firm\u0105 zajmuj\u0105c\u0105 si\u0119 projektowaniem i produkcj\u0105 o\u015bwietlenia do wn\u0119trz z pe\u0142nym zakresem us\u0142ug, kt\u00f3rej celem jest pomoc projektantom wn\u0119trz, globalnym markom i w\u0142a\u015bcicielom hoteli w realizacji ich wizji poprzez nasz\u0105 wsp\u00f3\u0142prac\u0119 i obs\u0142ug\u0119 klienta.<\/p>\n<p>Za\u0142o\u017cona w 1998 roku firma oferuj\u0119 pe\u0142en zakres us\u0142ug, zaopatruj\u0105cej hotele w kraju i zagranic\u0105.<\/p>\n<p>Jako firma zajmuj\u0105ca si\u0119 o\u015bwietleniem hotelowym, oferujemy niestandardowe projekty dla \u00a0marek hotelowych, a tak\u017ce wysokiej jako\u015bci produkty standardowe dla obiekt\u00f3w hotelowych, restauracyjnych itp.<\/p>\n<p>Produkujemy na zam\u00f3wienie o\u015bwietlenie dla wi\u0119kszo\u015bci wn\u0119trz pomieszcze\u0144, w tym kinkiety , lampy sufitowe , o\u015bwietlenie korytarza wej\u015bciowego , lampy pod\u0142ogowe , lampy sto\u0142owe i wiele innych. Skupiamy si\u0119 przede wszystkim na potrzebach klient\u00f3w hotelarskich i dostarczamy niestandardowe projekty o\u015bwietlenia hotelowego dla wiod\u0105cych marek hotelowych w Europie jak i poza ni\u0105.<\/p>\n<p>Wsp\u00f3\u0142pracujemy z projektantami wn\u0119trz i nabywcami hoteli, aby wprowadzi\u0107 w \u017cycie innowacyjne projekty o\u015bwietlenia. Projektanci mog\u0105 przegl\u0105da\u0107 nasze obszerne portfolio niestandardowego o\u015bwietlenia hotelowego w poszukiwaniu inspiracji lub opracowa\u0107 ca\u0142kowicie oryginaln\u0105 wizj\u0119 swojej przestrzeni, kt\u00f3r\u0105 Modern Lighting o\u017cywi. Firma nasza \u015bwiadczy us\u0142ugi projektowe, produkcyjne i logistyczne, aby pom\u00f3c projektantom i nabywcom us\u0142ug hotelarskich od deski kre\u015blarskiej do gotowego produktu. Nasz do\u015bwiadczony zesp\u00f3\u0142 ekspert\u00f3w jest do Twojej dyspozycji, aby pom\u00f3c Ci urzeczywistni\u0107 Tw\u00f3j projekt o\u015bwietlenia.<\/p>\n<p>Oferujemy projekty o\u015bwietlenia hotelowego. Od pokoi go\u015bcinnych, przez przestrzenie publiczne, po standardowe, mo\u017cemy zamieni\u0107 Tw\u00f3j projekt w dzie\u0142o sztuki. Nasz do\u015bwiadczony zesp\u00f3\u0142 jest do dyspozycji, aby Twoje pomys\u0142y na projekt o\u015bwietlenia sta\u0142y si\u0119 rzeczywisto\u015bci\u0105. Wsp\u00f3\u0142pracujemy z projektantami wn\u0119trz, aby stworzy\u0107 pi\u0119kne o\u015bwietlenie, kt\u00f3re uzupe\u0142ni Tw\u00f3j wyj\u0105tkowy estetyczny projekt. Jeste\u015bmy otwarci i s\u0142u\u017cymy pomoc\u0105 w ka\u017cdy mo\u017cliwy spos\u00f3b. <a href=\"https:\/\/www.lampyhotelowe.pl\/index.php\/kontakt\/\"><em><strong>Skontaktuj si\u0119 z nami ju\u017c dzi\u015b,<\/strong><\/em><\/a> aby zacz\u0105\u0107![\/vc_column_text][\/vc_column][\/vc_row][vc_row css=&#8221;.vc_custom_1459913498847{background-color: #f5f5f5 !important;}&#8221;][vc_column width=&#8221;1\/3&#8243; animate=&#8221;fadeinup&#8221;]\n\t<!-- Element: OT Our Team --> \t \n    <!-- team member -->\n    <div class=\"de-team-list team-box wow fadeInUp\">\n    \t        <div class=\"team-desc\">\n            <h3>Krzysztof Szyszka<\/h3>\n            <p class=\"lead\">W\u0142a\u015bciciel<\/p>            <div class=\"small-border\"><\/div>\n                        <div class=\"social\">\n                                                                            <\/div>\n        <\/div>\n    <\/div>\n    <!-- team close -->\n\n[\/vc_column][vc_column width=&#8221;1\/3&#8243; animate=&#8221;fadeinup&#8221;]\n\t<!-- Element: OT Our Team --> \t \n    <!-- team member -->\n    <div class=\"de-team-list team-box wow fadeInUp\">\n    \t        <div class=\"team-desc\">\n            <h3>Micha\u0142 Niewiadomski<\/h3>\n            <p class=\"lead\">Produkt menager<\/p>            <div class=\"small-border\"><\/div>\n                        <div class=\"social\">\n                                                                            <\/div>\n        <\/div>\n    <\/div>\n    <!-- team close -->\n\n[\/vc_column][vc_column width=&#8221;1\/3&#8243; animate=&#8221;fadeinup&#8221;]\n\t<!-- Element: OT Our Team --> \t \n    <!-- team member -->\n    <div class=\"de-team-list team-box wow fadeInUp\">\n    \t        <div class=\"team-desc\">\n            <h3>Tomasz Janicki<\/h3>\n            <p class=\"lead\">Dyrektor ds. inwestycji<\/p>            <div class=\"small-border\"><\/div>\n                        <div class=\"social\">\n                                                                            <\/div>\n        <\/div>\n    <\/div>\n    <!-- team close -->\n\n[\/vc_column][\/vc_row][vc_row archi_parallax=&#8221;yes&#8221; css=&#8221;.vc_custom_1478242800309{background-image: url(https:\/\/www.lampyhotelowe.pl\/wp-content\/uploads\/2015\/10\/bg-3.jpg?id=815) !important;background-position: center !important;background-repeat: no-repeat !important;background-size: cover !important;}&#8221;][vc_column animate=&#8221;fadeinup&#8221;]\n\t<!-- Element: OT Heading --> \t \n\t<h1 class=\"ot_custom_heading  \" style=\"text-align: center;color: #ffffff;\" >Opinie<\/h1>\t\n\t<!-- Element: OT Line solid --> \t \n\t<div class=\" separator \"><span><i class=\"fa fa-circle\"><\/i><\/span><\/div>\n\t<div class=\"spacer-single\"><\/div>\t      \n[\/vc_column][vc_column]\t<!-- Element: OT Testimonial Silder -->\t\n\t<div class=\"testimonial__carousel de_carousel wow fadeInUp\" data-wow-delay=\".3s\" data-visible=\"2\" data-autoplay=\"false\" data-autoheight=\"false\" data-speed=\"200\" data-navspeed=\"800\" data-rewinspeed=\"1000\">\n\t        <div class=\"col-md-12 item\">\n            <div class=\"de_testi\">\n                <blockquote>\n                    <p>Wsp\u00f3lnie realizowali\u015bmy wiele projekt\u00f3w, z pe\u0142nym zaanga\u017cowaniem w\u0142a\u015bciciela. Polecam<\/p>\n                    <div class=\"de_testi_by no-margin\">\n\n                    \t\n\t\t\t\t\t\t<div >\n                        \tMicha\u0142 Nowak, Projekt menager                        <\/div>\n\n                    <\/div>\n                <\/blockquote>\n            <\/div>\n        <\/div>\n                <div class=\"col-md-12 item\">\n            <div class=\"de_testi\">\n                <blockquote>\n                    <p>Blisko 100 pokoi o\u015bwietlone w perfekcyjny spos\u00f3b&#8230;<\/p>\n                    <div class=\"de_testi_by no-margin\">\n\n                    \t\n\t\t\t\t\t\t<div >\n                        \tAndrzej Koperski, W\u0142a\u015bciciel                        <\/div>\n\n                    <\/div>\n                <\/blockquote>\n            <\/div>\n        <\/div>\n                <div class=\"col-md-12 item\">\n            <div class=\"de_testi\">\n                <blockquote>\n                    <p>Poprzez o\u015bwietlenie firmy Modern Lighting nasze biura zyska\u0142y na wygl\u0105dzie oraz spowodowa\u0142y du\u017cy wi\u0119kszy komfort pracy<\/p>\n                    <div class=\"de_testi_by no-margin\">\n\n                    \t\n\t\t\t\t\t\t<div >\n                        \tDariusz Kapica, Prezes                        <\/div>\n\n                    <\/div>\n                <\/blockquote>\n            <\/div>\n        <\/div>\n            <\/div>\n\n[\/vc_column][\/vc_row][vc_row fullwidth=&#8221;yes&#8221; css=&#8221;.vc_custom_1442204580531{padding-top: 60px !important;padding-bottom: 60px !important;}&#8221; el_class=&#8221;call-to-action bg-color text-center&#8221;][vc_column]\t\t\t\n\t<!-- Element: OT Button --> \n\t\t\t<a href=\"https:\/\/www.lampyhotelowe.pl\/index.php\/kontakt\/\" target=\"_self\" class=\"btn btn-line-black btn-big  \">Porozmawiaj z nami<\/a>\n\t    \n[\/vc_column][\/vc_row]<\/p>\n","protected":false},"excerpt":{"rendered":"<p>[vc_row fullwidth=&#8221;yes&#8221; img_halfrow=&#8221;yes&#8221; halfrow_image=&#8221;203&#8243; img_columns=&#8221;5columns&#8221; img_position=&#8221;imgleft&#8221; css=&#8221;.vc_custom_1496044058775{background-position: 0 0 !important;background-repeat: no-repeat !important;}&#8221;][vc_column animate=&#8221;fadinright&#8221; delay=&#8221;1&#8243; offset=&#8221;vc_col-lg-offset-6 vc_col-lg-5 vc_col-md-offset-6 vc_col-md-5&#8243;][vc_column_text]Firma Modern Lighting powsta\u0142a jako rodzinna firma wytwarzaj\u0105ca o\u015bwietlenie mieszkaniowe. Z up\u0142ywem lat poszerzy\u0142a sw\u00f3j asortyment o produkcj\u0119 aba\u017cur\u00f3w. Dzi\u0119ki czemu sta\u0142a si\u0119 niezale\u017cna od innych i dzi\u0119ki temu mo\u017cemy sprosta\u0107 oczekiwaniom inwestor\u00f3w. W 2014 roku firma zmieni\u0142a [&hellip;]<\/p>\n","protected":false},"author":1,"featured_media":0,"parent":0,"menu_order":0,"comment_status":"open","ping_status":"closed","template":"page-templates\/template-fullwidth.php","meta":{"footnotes":""},"class_list":["post-229","page","type-page","status-publish","hentry"],"_links":{"self":[{"href":"https:\/\/www.lampyhotelowe.pl\/index.php\/wp-json\/wp\/v2\/pages\/229","targetHints":{"allow":["GET"]}}],"collection":[{"href":"https:\/\/www.lampyhotelowe.pl\/index.php\/wp-json\/wp\/v2\/pages"}],"about":[{"href":"https:\/\/www.lampyhotelowe.pl\/index.php\/wp-json\/wp\/v2\/types\/page"}],"author":[{"embeddable":true,"href":"https:\/\/www.lampyhotelowe.pl\/index.php\/wp-json\/wp\/v2\/users\/1"}],"replies":[{"embeddable":true,"href":"https:\/\/www.lampyhotelowe.pl\/index.php\/wp-json\/wp\/v2\/comments?post=229"}],"version-history":[{"count":15,"href":"https:\/\/www.lampyhotelowe.pl\/index.php\/wp-json\/wp\/v2\/pages\/229\/revisions"}],"predecessor-version":[{"id":1282,"href":"https:\/\/www.lampyhotelowe.pl\/index.php\/wp-json\/wp\/v2\/pages\/229\/revisions\/1282"}],"wp:attachment":[{"href":"https:\/\/www.lampyhotelowe.pl\/index.php\/wp-json\/wp\/v2\/media?parent=229"}],"curies":[{"name":"wp","href":"https:\/\/api.w.org\/{rel}","templated":true}]}}