{"id":141,"date":"2015-07-24T03:26:17","date_gmt":"2015-07-24T03:26:17","guid":{"rendered":"http:\/\/demo.oceanthemes.net\/archilight\/?page_id=141"},"modified":"2021-11-06T23:30:29","modified_gmt":"2021-11-06T23:30:29","slug":"homepage-slider","status":"publish","type":"page","link":"https:\/\/www.lampyhotelowe.pl\/","title":{"rendered":"Home"},"content":{"rendered":"\t\t<div data-elementor-type=\"wp-page\" data-elementor-id=\"141\" class=\"elementor elementor-141\">\n\t\t\t\t\t\t<section class=\"elementor-section elementor-top-section elementor-element elementor-element-23b19bf5 elementor-section-boxed elementor-section-height-default elementor-section-height-default\" data-id=\"23b19bf5\" data-element_type=\"section\">\n\t\t\t\t\t\t<div class=\"elementor-container elementor-column-gap-default\">\n\t\t\t\t\t<div class=\"elementor-column elementor-col-100 elementor-top-column elementor-element elementor-element-34df416\" data-id=\"34df416\" data-element_type=\"column\">\n\t\t\t<div class=\"elementor-widget-wrap elementor-element-populated\">\n\t\t\t\t\t\t<div class=\"elementor-element elementor-element-5a53c3bd elementor-widget elementor-widget-text-editor\" data-id=\"5a53c3bd\" data-element_type=\"widget\" data-widget_type=\"text-editor.default\">\n\t\t\t\t<div class=\"elementor-widget-container\">\n\t\t\t\t\t\t\t<p>[vc_row fullwidth=&#8221;yes&#8221; archi_fullheight=&#8221;yes&#8221; archi_parallax=&#8221;yes&#8221; el_class=&#8221;fontsize40 text-dark&#8221; css=&#8221;.vc_custom_1627160302531{padding-top: 90px !important;padding-bottom: 90px !important;background-image: url(https:\/\/www.lampyhotelowe.pl\/ok\/wp-content\/uploads\/2021\/07\/8.jpg?id=1077) !important;}&#8221;][vc_column]\t\n   \t<!-- Element: OT Home Parallax -->\n    <div class=\"center-y text-center\">\n    \t        <div class=\"spacer-single\"><\/div>\n        <div class=\"text-slider border-deco\">\n        \t\t\t\t\t\t \n\t\t\t\t<div class=\"text-item\"  >Producent lamp na zam\u00f3wienie<\/div>    \n\t\t\t\t\t\t\t\t \n\t\t\t\t<div class=\"text-item\"  >Modern Lighting<\/div>    \n\t\t\t\t\t\t\t\t \n\t\t\t\t<div class=\"text-item\"  >Zapraszamy<\/div>    \n\t\t\t        <\/div>\n        <div class=\"spacer-double\"><\/div>\n        <div class=\"cleafix\"><\/div>\n            <\/div>\n   \n[\/vc_column][\/vc_row][vc_row fullwidth=&#8221;yes&#8221; img_halfrow=&#8221;yes&#8221; halfrow_image=&#8221;1080&#8243; img_columns=&#8221;5columns&#8221; img_position=&#8221;imgleft&#8221; css=&#8221;.vc_custom_1627160816305{background-color: #f5f5f5 !important;}&#8221;][vc_column offset=&#8221;vc_col-lg-offset-6 vc_col-lg-5 vc_col-md-offset-6 vc_col-md-5&#8243;][vc_column_text css=&#8221;.vc_custom_1618405705354{margin-bottom: 0px !important;}&#8221;]<\/p><h2>Witamy<\/h2><p>Firma <strong>Modern Lighting<\/strong> Producent\u00a0 niestandardowego o\u015bwietlenia hotelowego<\/p><ul><li>15 lat do\u015bwiadczenia w produkcji lamp na zam\u00f3wienie<\/li><li>Dostarczamy o\u015bwietlenie do hoteli na ca\u0142ym \u015bwiecie<\/li><li>Produkujemy o\u015bwietlenie niestandardowe w dowolnym kszta\u0142cie i rozmiarze<\/li><li>Brak minimalnej ilo\u015bci zam\u00f3wienia<\/li><li>Globalny standard jako\u015bci: CE, ETL, UL\u2026<\/li><\/ul><p style=\"text-align: center;\"><strong>Nasze motto!<\/strong><\/p><p style=\"text-align: center;\"><strong><em>Po pierwsze, liczy si\u0119 jako\u015b\u0107!<\/em><\/strong><\/p><p style=\"text-align: center;\"><strong><em>Po drugie, diabe\u0142 tkwi w szczeg\u00f3\u0142ach!<\/em><\/strong><\/p><p style=\"text-align: center;\"><strong><em>Po trzecie, kontrola i testowanie to konieczno\u015b\u0107!<\/em><\/strong><\/p><p>[\/vc_column_text][\/vc_column][\/vc_row][vc_row][vc_column animate=&#8221;fadeinup&#8221;]\n\t<!-- Element: OT Heading --> \t \n\t<h1 class=\"ot_custom_heading  \" style=\"text-align: center;\" >Tworzymy dla wszystkich<\/h1>\t\n\t<!-- Element: OT Line solid --> \t \n\t<div class=\" separator \"><span><i class=\"fa fa-circle\"><\/i><\/span><\/div>\n\t<div class=\"spacer-single\"><\/div>\t      \n[\/vc_column][vc_column width=&#8221;1\/2&#8243; animate=&#8221;fadeinleft&#8221;][vc_single_image image=&#8221;1066&#8243; img_size=&#8221;full&#8221;]\n\t<!-- Element: OT Heading --> \t \n\t<h3 class=\"ot_custom_heading  \" style=\"\" ><b>Hotel<\/b> HoReCa<\/h3>\t\n[vc_column_text css=&#8221;.vc_custom_1618406451569{margin-bottom: 0px !important;}&#8221;]Nasze o\u015bwietleniowe to \u017cyrandole, niestandardowe lampy wisz\u0105ce, lampy sto\u0142owe, lampy pod\u0142ogowe i kinkiety. Dostarczamy oprawy o\u015bwietleniowe do hoteli, spe\u0142niaj\u0105c oczekiwania klient\u00f3w zar\u00f3wno na rynkach krajowych, jak i zagranicznych[\/vc_column_text][\/vc_column][vc_column width=&#8221;1\/2&#8243; animate=&#8221;fadeinup&#8221;][vc_single_image image=&#8221;1065&#8243; img_size=&#8221;full&#8221;]\n\t<!-- Element: OT Heading --> \t \n\t<h3 class=\"ot_custom_heading  \" style=\"\" ><b>Indywidualne <\/b> projekty<\/h3>\t\n[vc_column_text css=&#8221;.vc_custom_1617136824552{margin-bottom: 0px !important;}&#8221;]Posiadamy\u00a0 mo\u017cliwo\u015bci produkcyjne, dzi\u0119ki kt\u00f3rym Tw\u00f3j projekt o\u015bwietlenia przeniesie si\u0119 od pomys\u0142u do realizacji, przewy\u017cszaj\u0105c Twoje oczekiwania doskona\u0142\u0105 jako\u015bci\u0105 wykonania.[\/vc_column_text][\/vc_column][\/vc_row][vc_row fullwidth=&#8221;yes&#8221; css=&#8221;.vc_custom_1442204079522{padding-top: 60px !important;padding-bottom: 60px !important;}&#8221; el_class=&#8221;call-to-action bg-color text-center&#8221;][vc_column]\t\t\t\n\t<!-- Element: OT Button --> \n\t\t\t<a href=\"https:\/\/www.lampyhotelowe.pl\/ok\/index.php\/our-services\/\" target=\"_self\" class=\"btn btn-line-black btn-big  \">Realizacje<\/a>\n\t    \n[\/vc_column][\/vc_row][vc_row css=&#8221;.vc_custom_1460082335647{background-color: #f5f5f5 !important;background-position: center !important;background-repeat: no-repeat !important;background-size: cover !important;}&#8221;][vc_column]\n\t<!-- Element: OT Heading --> \t \n\t<h1 class=\"ot_custom_heading  \" style=\"text-align: center;\" >Proces realizacji<\/h1>\t\n\t<!-- Element: OT Line solid --> \t \n\t<div class=\" separator \"><span><i class=\"fa fa-circle\"><\/i><\/span><\/div>\n\t<div class=\"spacer-single\"><\/div>\t      \n\n\t<!-- Element: OT Process -->\n    <div class=\"de_tab tab_steps tab_3  \">\n        <ul class=\"de_nav process-circle-textimage\">\n\t        \t            <li class=\"active wow fadeIn \" data-wow-delay=\"0.4s\">\n\t            \t<span class=\"content-mid\">\n\t            \t\t<div class=\"inner\">\t\t\n\t            \t\t\t\t\t\t\t\t\t\t \t\t\t\t\t\t                \t\t\t\t\t                              \n\t\t\t\t\t                                    \n\t\t\t\t\t                \t\t\t\t\t            \t\t\t            \t\t<small>ETAP 1<\/small>\n\t\t\t\t\t\t\t\t            \t\t<\/div>\n\t            \t<\/span>\t\t        \n\t\t            <div class=\"v-border\"><\/div>\n\t            <\/li>\n\t            \n\t        \t            <li class=\" wow fadeIn \" data-wow-delay=\"0.8s\">\n\t            \t<span class=\"content-mid\">\n\t            \t\t<div class=\"inner\">\t\t\n\t            \t\t\t\t\t\t\t\t\t\t \t\t\t\t\t\t                \t\t\t\t\t                              \n\t\t\t\t\t                                    \n\t\t\t\t\t                \t\t\t\t\t            \t\t\t            \t\t<small>ETAP 2<\/small>\n\t\t\t\t\t\t\t\t            \t\t<\/div>\n\t            \t<\/span>\t\t        \n\t\t            <div class=\"v-border\"><\/div>\n\t            <\/li>\n\t            \n\t        \t            <li class=\" wow fadeIn \" data-wow-delay=\"1.2s\">\n\t            \t<span class=\"content-mid\">\n\t            \t\t<div class=\"inner\">\t\t\n\t            \t\t\t\t\t\t\t\t\t\t \t\t\t\t\t\t                \t\t\t\t\t                              \n\t\t\t\t\t                                    \n\t\t\t\t\t                \t\t\t\t\t            \t\t\t            \t\t<small>Etap 3<\/small>\n\t\t\t\t\t\t\t\t            \t\t<\/div>\n\t            \t<\/span>\t\t        \n\t\t            <div class=\"v-border\"><\/div>\n\t            <\/li>\n\t            \n\t                <\/ul>\n\n        <div class=\"de_tab_content\">\n\t        \t            <div id=\"tab-615\" class=\"de_tab_content_inner\">\n\t                <h1><strong>Spotkanie i om\u00f3wienie projektu<br \/>\n<\/strong><\/h1>\n\t            <\/div>\n\t        \t            <div id=\"tab-616\" class=\"de_tab_content_inner\">\n\t                <h1><strong>Zaproponowanie koncepcji oraz wzor\u00f3w<br \/>\n<\/strong><\/h1>\n\t            <\/div>\n\t        \t            <div id=\"tab-617\" class=\"de_tab_content_inner\">\n\t                <h1><strong>Produkcja oraz monta\u017c<\/strong><\/h1>\n\t            <\/div>\n\t                <\/div>\n    <\/div>\n\n[\/vc_column][\/vc_row][vc_row fullwidth=&#8221;yes&#8221;][vc_column]  \n\n\t<!-- Element: OT Portfolio Filter -->\n\t<div class=\"projects-grid-wrapper\">\n\t\t\t\t\t<div class=\"container\">\n\t\t    \t<!-- portfolio filter begin -->\n\t\t\t    <div class=\"row\">\n\t\t\t        <div class=\"col-md-12 text-center\">\n\t\t\t            <ul id=\"filter\" class=\"project_filters wow fadeInUp listed_taxonomy_filters\" data-wow-delay=\"0s\">\n\t\t\t            \t<li><a href=\"#\" data-filter=\"*\" class=\"selected\">Wszystkie projekty<\/a><\/li>                    \n\t\t\t                <li class=\"cate_parent\"><a href=\"#\" data-filter=\".category-20\">Hotele<\/a><\/li><li class=\"cate_parent\"><a href=\"#\" data-filter=\".category-19\">Indywidualne<\/a><\/li><li class=\"cate_parent\"><a href=\"#\" data-filter=\".category-21\">Obiekty<\/a><\/li><li class=\"cate_parent\"><a href=\"#\" data-filter=\".category-22\">Restauracje<\/a><\/li>                    \n\t\t\t            <\/ul>\n\t\t\t        <\/div>\n\t\t\t    <\/div>\n\t\t    \t<!-- portfolio filter close -->\n\t\t    <\/div>\n\t    \n\t    <div class=\"projects-grid projects-load-ajax overlay_s1  pf_3_cols\" style=\"margin: -0px 0px\">\n\t    \t<div class=\"project-item-sizer\"><\/div>\n\t                     \n\t        <!-- gallery item -->\n\t        <div class=\"project-item category-22 \" style=\"padding:0px\">\n\t        \t<div class=\"projects-box\">\n\t\t\t\t\t<div class=\"projects-thumbnail\">\n\t\t\t\t\t\t<img fetchpriority=\"high\" decoding=\"async\" width=\"700\" height=\"466\" src=\"https:\/\/www.lampyhotelowe.pl\/wp-content\/uploads\/2015\/07\/insp1.jpg\" class=\"attachment-thumb-portfolio size-thumb-portfolio wp-post-image\" alt=\"\" srcset=\"https:\/\/www.lampyhotelowe.pl\/wp-content\/uploads\/2015\/07\/insp1.jpg 700w, https:\/\/www.lampyhotelowe.pl\/wp-content\/uploads\/2015\/07\/insp1-300x200.jpg 300w\" sizes=\"(max-width: 700px) 100vw, 700px\" title=\"insp1\" \/>\t\t\t\t\t<\/div>\t\t\t\t\t\t\t\n\t\t\t\t\t<a  href=\"https:\/\/www.lampyhotelowe.pl\/index.php\/portfolio\/inspiracje\/\">\n\t\t\t\t\t\t<span class=\"project-overlay\">\n\t\t\t\t\t\t\t<span class=\"project-name id-color\">Restauracja INSPIRACJE<\/span>\t\n\t\t\t\t\t\t<\/span>\n\t\t\t\t\t<\/a>\t\n\t\t\t\t<\/div>\n\t        <\/div>        \n\t        <!-- close gallery item -->\n\t                     \n\t        <!-- gallery item -->\n\t        <div class=\"project-item category-21 \" style=\"padding:0px\">\n\t        \t<div class=\"projects-box\">\n\t\t\t\t\t<div class=\"projects-thumbnail\">\n\t\t\t\t\t\t<img decoding=\"async\" width=\"700\" height=\"466\" src=\"https:\/\/www.lampyhotelowe.pl\/wp-content\/uploads\/2015\/07\/jantar1.jpg\" class=\"attachment-thumb-portfolio size-thumb-portfolio wp-post-image\" alt=\"\" srcset=\"https:\/\/www.lampyhotelowe.pl\/wp-content\/uploads\/2015\/07\/jantar1.jpg 700w, https:\/\/www.lampyhotelowe.pl\/wp-content\/uploads\/2015\/07\/jantar1-300x200.jpg 300w\" sizes=\"(max-width: 700px) 100vw, 700px\" title=\"jantar1\" \/>\t\t\t\t\t<\/div>\t\t\t\t\t\t\t\n\t\t\t\t\t<a  href=\"https:\/\/www.lampyhotelowe.pl\/index.php\/portfolio\/galeria_jantar\/\">\n\t\t\t\t\t\t<span class=\"project-overlay\">\n\t\t\t\t\t\t\t<span class=\"project-name id-color\">Galeria Handlowa Jantar<\/span>\t\n\t\t\t\t\t\t<\/span>\n\t\t\t\t\t<\/a>\t\n\t\t\t\t<\/div>\n\t        <\/div>        \n\t        <!-- close gallery item -->\n\t                     \n\t        <!-- gallery item -->\n\t        <div class=\"project-item category-20 \" style=\"padding:0px\">\n\t        \t<div class=\"projects-box\">\n\t\t\t\t\t<div class=\"projects-thumbnail\">\n\t\t\t\t\t\t<img decoding=\"async\" width=\"750\" height=\"499\" src=\"https:\/\/www.lampyhotelowe.pl\/wp-content\/uploads\/2015\/07\/8-750x499.jpg\" class=\"attachment-thumb-portfolio size-thumb-portfolio wp-post-image\" alt=\"\" srcset=\"https:\/\/www.lampyhotelowe.pl\/wp-content\/uploads\/2015\/07\/8-750x499.jpg 750w, https:\/\/www.lampyhotelowe.pl\/wp-content\/uploads\/2015\/07\/8-300x200.jpg 300w, https:\/\/www.lampyhotelowe.pl\/wp-content\/uploads\/2015\/07\/8-1024x683.jpg 1024w, https:\/\/www.lampyhotelowe.pl\/wp-content\/uploads\/2015\/07\/8-768x512.jpg 768w, https:\/\/www.lampyhotelowe.pl\/wp-content\/uploads\/2015\/07\/8-1536x1025.jpg 1536w, https:\/\/www.lampyhotelowe.pl\/wp-content\/uploads\/2015\/07\/8.jpg 2048w\" sizes=\"(max-width: 750px) 100vw, 750px\" title=\"8\" \/>\t\t\t\t\t<\/div>\t\t\t\t\t\t\t\n\t\t\t\t\t<a  href=\"https:\/\/www.lampyhotelowe.pl\/index.php\/portfolio\/crystal-mountain\/\">\n\t\t\t\t\t\t<span class=\"project-overlay\">\n\t\t\t\t\t\t\t<span class=\"project-name id-color\">Hotel Crystal Mountain *****<\/span>\t\n\t\t\t\t\t\t<\/span>\n\t\t\t\t\t<\/a>\t\n\t\t\t\t<\/div>\n\t        <\/div>        \n\t        <!-- close gallery item -->\n\t                     \n\t        <!-- gallery item -->\n\t        <div class=\"project-item category-22 \" style=\"padding:0px\">\n\t        \t<div class=\"projects-box\">\n\t\t\t\t\t<div class=\"projects-thumbnail\">\n\t\t\t\t\t\t<img loading=\"lazy\" decoding=\"async\" width=\"750\" height=\"499\" src=\"https:\/\/www.lampyhotelowe.pl\/wp-content\/uploads\/2015\/07\/fregata1-750x499.jpg\" class=\"attachment-thumb-portfolio size-thumb-portfolio wp-post-image\" alt=\"\" title=\"fregata1\" \/>\t\t\t\t\t<\/div>\t\t\t\t\t\t\t\n\t\t\t\t\t<a  href=\"https:\/\/www.lampyhotelowe.pl\/index.php\/portfolio\/restauracjaregata\/\">\n\t\t\t\t\t\t<span class=\"project-overlay\">\n\t\t\t\t\t\t\t<span class=\"project-name id-color\">Restauracja REGATTA<\/span>\t\n\t\t\t\t\t\t<\/span>\n\t\t\t\t\t<\/a>\t\n\t\t\t\t<\/div>\n\t        <\/div>        \n\t        <!-- close gallery item -->\n\t                     \n\t        <!-- gallery item -->\n\t        <div class=\"project-item category-19 \" style=\"padding:0px\">\n\t        \t<div class=\"projects-box\">\n\t\t\t\t\t<div class=\"projects-thumbnail\">\n\t\t\t\t\t\t<img loading=\"lazy\" decoding=\"async\" width=\"750\" height=\"499\" src=\"https:\/\/www.lampyhotelowe.pl\/wp-content\/uploads\/2015\/07\/IMG_3799-750x499.jpg\" class=\"attachment-thumb-portfolio size-thumb-portfolio wp-post-image\" alt=\"\" srcset=\"https:\/\/www.lampyhotelowe.pl\/wp-content\/uploads\/2015\/07\/IMG_3799-750x499.jpg 750w, https:\/\/www.lampyhotelowe.pl\/wp-content\/uploads\/2015\/07\/IMG_3799-300x200.jpg 300w, https:\/\/www.lampyhotelowe.pl\/wp-content\/uploads\/2015\/07\/IMG_3799-1024x683.jpg 1024w, https:\/\/www.lampyhotelowe.pl\/wp-content\/uploads\/2015\/07\/IMG_3799-768x512.jpg 768w, https:\/\/www.lampyhotelowe.pl\/wp-content\/uploads\/2015\/07\/IMG_3799-1536x1024.jpg 1536w, https:\/\/www.lampyhotelowe.pl\/wp-content\/uploads\/2015\/07\/IMG_3799-2048x1365.jpg 2048w\" sizes=\"(max-width: 750px) 100vw, 750px\" title=\"IMG_3799\" \/>\t\t\t\t\t<\/div>\t\t\t\t\t\t\t\n\t\t\t\t\t<a  href=\"https:\/\/www.lampyhotelowe.pl\/index.php\/portfolio\/prywatny1\/\">\n\t\t\t\t\t\t<span class=\"project-overlay\">\n\t\t\t\t\t\t\t<span class=\"project-name id-color\">Prywatny 1<\/span>\t\n\t\t\t\t\t\t<\/span>\n\t\t\t\t\t<\/a>\t\n\t\t\t\t<\/div>\n\t        <\/div>        \n\t        <!-- close gallery item -->\n\t                     \n\t        <!-- gallery item -->\n\t        <div class=\"project-item category-20 \" style=\"padding:0px\">\n\t        \t<div class=\"projects-box\">\n\t\t\t\t\t<div class=\"projects-thumbnail\">\n\t\t\t\t\t\t<img loading=\"lazy\" decoding=\"async\" width=\"750\" height=\"499\" src=\"https:\/\/www.lampyhotelowe.pl\/wp-content\/uploads\/2015\/07\/318349579-750x499.jpg\" class=\"attachment-thumb-portfolio size-thumb-portfolio wp-post-image\" alt=\"\" srcset=\"https:\/\/www.lampyhotelowe.pl\/wp-content\/uploads\/2015\/07\/318349579-750x499.jpg 750w, https:\/\/www.lampyhotelowe.pl\/wp-content\/uploads\/2015\/07\/318349579-300x200.jpg 300w, https:\/\/www.lampyhotelowe.pl\/wp-content\/uploads\/2015\/07\/318349579-1024x682.jpg 1024w, https:\/\/www.lampyhotelowe.pl\/wp-content\/uploads\/2015\/07\/318349579-768x512.jpg 768w, https:\/\/www.lampyhotelowe.pl\/wp-content\/uploads\/2015\/07\/318349579.jpg 1280w\" sizes=\"(max-width: 750px) 100vw, 750px\" title=\"318349579\" \/>\t\t\t\t\t<\/div>\t\t\t\t\t\t\t\n\t\t\t\t\t<a  href=\"https:\/\/www.lampyhotelowe.pl\/index.php\/portfolio\/marriott-krakow\/\">\n\t\t\t\t\t\t<span class=\"project-overlay\">\n\t\t\t\t\t\t\t<span class=\"project-name id-color\">Hotel Marriott Krak\u00f3w *****<\/span>\t\n\t\t\t\t\t\t<\/span>\n\t\t\t\t\t<\/a>\t\n\t\t\t\t<\/div>\n\t        <\/div>        \n\t        <!-- close gallery item -->\n\t        \t    <\/div>\n\t    \t    \t<\/div>\n[\/vc_column][\/vc_row][vc_row fullwidth=&#8221;yes&#8221; css=&#8221;.vc_custom_1442204079522{padding-top: 60px !important;padding-bottom: 60px !important;}&#8221; el_class=&#8221;call-to-action bg-color text-center&#8221;][vc_column]\t\t\t\n\t<!-- Element: OT Button --> \n\t\t\t<a href=\"https:\/\/www.lampyhotelowe.pl\/ok\/index.php\/projects\/\" target=\"_self\" class=\"btn btn-line-black btn-big  \">Zobacz wi\u0119cej naszych realizacji<\/a>\n\t    \n[\/vc_column][\/vc_row][vc_row css=&#8221;.vc_custom_1496048422815{background-image: url(https:\/\/www.lampyhotelowe.pl\/ok\/wp-content\/uploads\/2015\/10\/bg-3.jpg?id=815) !important;background-position: center !important;background-repeat: no-repeat !important;background-size: cover !important;}&#8221; el_class=&#8221;text-light bg-fixed&#8221;][vc_column]\n\t<!-- Element: OT Heading --> \t \n\t<h1 class=\"ot_custom_heading  \" style=\"text-align: center;color: #eceff3;\" >Opinie o nas<\/h1>\t\n\t<!-- Element: OT Line solid --> \t \n\t<div class=\" separator \"><span><i class=\"fa fa-circle\"><\/i><\/span><\/div>\n\t<div class=\"spacer-single\"><\/div>\t      \n\t<!-- Element: OT Testimonial Silder -->\t\n\t<div class=\"testimonial__carousel de_carousel wow fadeInUp\" data-wow-delay=\".3s\" data-visible=\"2\" data-autoplay=\"false\" data-autoheight=\"false\" data-speed=\"200\" data-navspeed=\"800\" data-rewinspeed=\"1000\">\n\t        <div class=\"col-md-12 item\">\n            <div class=\"de_testi\">\n                <blockquote>\n                    <p>Wsp\u00f3lnie realizowali\u015bmy wiele projekt\u00f3w, z pe\u0142nym zaanga\u017cowaniem w\u0142a\u015bciciela. Polecam<\/p>\n                    <div class=\"de_testi_by no-margin\">\n\n                    \t\n\t\t\t\t\t\t<div >\n                        \tMicha\u0142 Nowak, Projekt menager                        <\/div>\n\n                    <\/div>\n                <\/blockquote>\n            <\/div>\n        <\/div>\n                <div class=\"col-md-12 item\">\n            <div class=\"de_testi\">\n                <blockquote>\n                    <p>Blisko 100 pokoi o\u015bwietlone w perfekcyjny spos\u00f3b&#8230;<\/p>\n                    <div class=\"de_testi_by no-margin\">\n\n                    \t\n\t\t\t\t\t\t<div >\n                        \tAndrzej Koperski, W\u0142a\u015bciciel                        <\/div>\n\n                    <\/div>\n                <\/blockquote>\n            <\/div>\n        <\/div>\n                <div class=\"col-md-12 item\">\n            <div class=\"de_testi\">\n                <blockquote>\n                    <p>Poprzez o\u015bwietlenie firmy Modern Lighting nasze biura zyska\u0142y na wygl\u0105dzie oraz spowodowa\u0142y du\u017cy wi\u0119kszy komfort pracy<\/p>\n                    <div class=\"de_testi_by no-margin\">\n\n                    \t\n\t\t\t\t\t\t<div >\n                        \tDariusz Kapica, Prezes                        <\/div>\n\n                    <\/div>\n                <\/blockquote>\n            <\/div>\n        <\/div>\n            <\/div>\n\n[\/vc_column][\/vc_row]<\/p>\t\t\t\t\t\t<\/div>\n\t\t\t\t<\/div>\n\t\t\t\t\t<\/div>\n\t\t<\/div>\n\t\t\t\t\t<\/div>\n\t\t<\/section>\n\t\t\t\t<\/div>\n\t\t","protected":false},"excerpt":{"rendered":"<p>[vc_row fullwidth=&#8221;yes&#8221; archi_fullheight=&#8221;yes&#8221; archi_parallax=&#8221;yes&#8221; el_class=&#8221;fontsize40 text-dark&#8221; css=&#8221;.vc_custom_1627160302531{padding-top: 90px !important;padding-bottom: 90px !important;background-image: url(https:\/\/www.lampyhotelowe.pl\/wp-content\/uploads\/2021\/07\/8.jpg?id=1077) !important;}&#8221;][vc_column][\/vc_column][\/vc_row][vc_row fullwidth=&#8221;yes&#8221; img_halfrow=&#8221;yes&#8221; halfrow_image=&#8221;1080&#8243; img_columns=&#8221;5columns&#8221; img_position=&#8221;imgleft&#8221; css=&#8221;.vc_custom_1627160816305{background-color: #f5f5f5 !important;}&#8221;][vc_column offset=&#8221;vc_col-lg-offset-6 vc_col-lg-5 vc_col-md-offset-6 vc_col-md-5&#8243;][vc_column_text css=&#8221;.vc_custom_1618405705354{margin-bottom: 0px !important;}&#8221;] Witamy Firma Modern Lighting Producent\u00a0 niestandardowego o\u015bwietlenia hotelowego 15 lat do\u015bwiadczenia w produkcji lamp na zam\u00f3wienie Dostarczamy o\u015bwietlenie do hoteli na ca\u0142ym \u015bwiecie Produkujemy o\u015bwietlenie niestandardowe w [&hellip;]<\/p>\n","protected":false},"author":1,"featured_media":0,"parent":0,"menu_order":0,"comment_status":"open","ping_status":"closed","template":"page-templates\/template-canvas.php","meta":{"footnotes":""},"class_list":["post-141","page","type-page","status-publish","hentry"],"_links":{"self":[{"href":"https:\/\/www.lampyhotelowe.pl\/index.php\/wp-json\/wp\/v2\/pages\/141","targetHints":{"allow":["GET"]}}],"collection":[{"href":"https:\/\/www.lampyhotelowe.pl\/index.php\/wp-json\/wp\/v2\/pages"}],"about":[{"href":"https:\/\/www.lampyhotelowe.pl\/index.php\/wp-json\/wp\/v2\/types\/page"}],"author":[{"embeddable":true,"href":"https:\/\/www.lampyhotelowe.pl\/index.php\/wp-json\/wp\/v2\/users\/1"}],"replies":[{"embeddable":true,"href":"https:\/\/www.lampyhotelowe.pl\/index.php\/wp-json\/wp\/v2\/comments?post=141"}],"version-history":[{"count":54,"href":"https:\/\/www.lampyhotelowe.pl\/index.php\/wp-json\/wp\/v2\/pages\/141\/revisions"}],"predecessor-version":[{"id":1287,"href":"https:\/\/www.lampyhotelowe.pl\/index.php\/wp-json\/wp\/v2\/pages\/141\/revisions\/1287"}],"wp:attachment":[{"href":"https:\/\/www.lampyhotelowe.pl\/index.php\/wp-json\/wp\/v2\/media?parent=141"}],"curies":[{"name":"wp","href":"https:\/\/api.w.org\/{rel}","templated":true}]}}